{"id":39,"date":"2026-01-22T15:00:04","date_gmt":"2026-01-22T14:00:04","guid":{"rendered":"https:\/\/insiderfcb.de\/fcb\/?page_id=39"},"modified":"2026-03-16T11:43:24","modified_gmt":"2026-03-16T10:43:24","slug":"soziales-engagement-spenden","status":"publish","type":"page","link":"https:\/\/insiderfcb.de\/fcb\/soziales-engagement-spenden\/","title":{"rendered":"Soziales Engagement \/ Spenden"},"content":{"rendered":"<p>&nbsp;<\/p>\n<p>Da uns neben dem sportliches auch der soziale Aspekt sehr am Herzen liegt, versuchen wir auch immer wieder verschiedene Institutionen finanziell zu unterst\u00fctzen:<\/p>\n<p>So konnten wir bis heute folgende Spenden \u00fcberbringen:<\/p>\n<div style=\"overflow-x: auto; width: 100%;\">\n<table style=\"width: 100%;\">\n<tbody>\n<tr style=\"height: 24px;\">\n<td style=\"height: 24px;\">05.01.2026<\/td>\n<td style=\"height: 24px;\">Serge Gnabry Stiftung<\/td>\n<td style=\"text-align: right;\">1.000,00 Euro<\/td>\n<\/tr>\n<tr style=\"height: 24px;\">\n<td style=\"height: 24px;\">05.01.2026<\/td>\n<td style=\"height: 24px;\">FC Bayern M\u00fcnchen Hilfe e.V.<\/td>\n<td style=\"text-align: right;\">1.000,00 Euro<\/td>\n<\/tr>\n<tr style=\"height: 24px;\">\n<td style=\"height: 24px;\">21.07.2021<\/td>\n<td style=\"height: 24px;\">Hochwasserkatastrophe 2021 &#8211; Aktion Deutschland Hilft<\/td>\n<td style=\"text-align: right;\">300,00 Euro<\/td>\n<\/tr>\n<tr style=\"height: 24px;\">\n<td style=\"height: 24px;\">03.03.2015<\/td>\n<td style=\"height: 24px;\">Plattling gegen Leuk\u00e4mie f\u00fcr Manuela Wolf<\/td>\n<td style=\"text-align: right;\">100,00 Euro<\/td>\n<\/tr>\n<tr style=\"height: 24px;\">\n<td style=\"height: 24px;\">22.08.2013<\/td>\n<td style=\"height: 24px;\">Hochwasserkatastrophe 2013 &#8211; Hochwasserhilfe Plattling<\/td>\n<td style=\"text-align: right;\">500,00 Euro<\/td>\n<\/tr>\n<\/tbody>\n<\/table>\n<\/div>\n<p>Aus unser j\u00e4hrlich stattfindenen Weihnachtsfeier mit Versteigerung, wurde folgende Betr\u00e4ge gespendet:<\/p>\n<div style=\"overflow-x: auto; width: 100%;\">\n<table style=\"width: 100%;\" width=\"100%\">\n<tbody>\n<tr style=\"height: 24px;\">\n<td style=\"height: 24px; width: 14.0755%;\">08.12.2025<\/td>\n<td style=\"height: 24px; width: 67.7137%;\">Rock Dein Herz e.V.<\/td>\n<td style=\"height: 24px; text-align: right; width: 17.8132%;\">300,00 Euro<\/td>\n<\/tr>\n<tr style=\"height: 24px;\">\n<td style=\"height: 24px; width: 14.0755%;\">08.12.2025<\/td>\n<td style=\"height: 24px; width: 67.7137%;\">Sch\u00fctzenverein Hauser-Moos, Pankofen<\/td>\n<td style=\"height: 24px; text-align: right; width: 17.8132%;\">50,00 Euro<\/td>\n<\/tr>\n<tr style=\"height: 24px;\">\n<td style=\"height: 24px; width: 14.0755%;\">17.12.2024<\/td>\n<td style=\"height: 24px; width: 67.7137%;\">Kinderhospiz Haus ANNA, Eichendorf &#8211; gew\u00fcnschte Sachspenden \ud83d\ude42<\/td>\n<td style=\"height: 24px; text-align: right; width: 17.8132%;\">201,15 Euro<\/td>\n<\/tr>\n<tr style=\"height: 24px;\">\n<td style=\"height: 24px; width: 14.0755%;\">05.12.2024<\/td>\n<td style=\"height: 24px; width: 67.7137%;\">Kinderhospiz Haus ANNA, Eichendorf<\/td>\n<td style=\"height: 24px; text-align: right; width: 17.8132%;\">300,00 Euro<\/td>\n<\/tr>\n<tr style=\"height: 24px;\">\n<td style=\"height: 24px; width: 14.0755%;\">21.11.2024<\/td>\n<td style=\"height: 24px; width: 67.7137%;\">Sch\u00fctzenverein Hauser-Moos, Pankofen<\/td>\n<td style=\"height: 24px; text-align: right; width: 17.8132%;\">50,00 Euro<\/td>\n<\/tr>\n<tr style=\"height: 24px;\">\n<td style=\"height: 24px; width: 14.0755%;\">06.12.2023<\/td>\n<td style=\"height: 24px; width: 67.7137%;\">Hospiz St. Ursula, Niederalteich<\/td>\n<td style=\"height: 24px; text-align: right; width: 17.8132%;\">300,00 Euro<\/td>\n<\/tr>\n<tr style=\"height: 24px;\">\n<td style=\"height: 24px; width: 14.0755%;\">06.12.2023<\/td>\n<td style=\"height: 24px; width: 67.7137%;\">Sch\u00fctzenverein Hauser-Moos, Pankofen<\/td>\n<td style=\"height: 24px; text-align: right; width: 17.8132%;\">50,00 Euro<\/td>\n<\/tr>\n<tr style=\"height: 24px;\">\n<td style=\"height: 24px; width: 14.0755%;\">06.12.2023<\/td>\n<td style=\"height: 24px; width: 67.7137%;\">Jugendf\u00f6rderverein SV Pankofen<\/td>\n<td style=\"height: 24px; text-align: right; width: 17.8132%;\">50,00 Euro<\/td>\n<\/tr>\n<tr style=\"height: 24px;\">\n<td style=\"height: 24px; width: 14.0755%;\">13.12.2022<\/td>\n<td style=\"height: 24px; width: 67.7137%;\">Sch\u00fctzen Hilfe e.V.<\/td>\n<td style=\"text-align: right; width: 17.8132%;\">300,00 Euro<\/td>\n<\/tr>\n<tr style=\"height: 24px;\">\n<td style=\"height: 24px; width: 14.0755%;\">29.11.2022<\/td>\n<td style=\"height: 24px; width: 67.7137%;\">Sch\u00fctzenverein Hauser-Moos, Pankofen<\/td>\n<td style=\"text-align: right; width: 17.8132%;\">50,00 Euro<\/td>\n<\/tr>\n<tr style=\"height: 24px;\">\n<td style=\"height: 24px; width: 14.0755%;\">08.12.2021<\/td>\n<td style=\"width: 67.7137%;\">Malteser Deggendorf &#8211; Herzenswunsch Krankenwagen<\/td>\n<td style=\"text-align: right; width: 17.8132%;\">300,00 Euro<\/td>\n<\/tr>\n<tr style=\"height: 24px;\">\n<td style=\"height: 24px; width: 14.0755%;\">20.11.2021<\/td>\n<td style=\"height: 24px; width: 67.7137%;\">SV Pankofen &#8211; Hauptverein<\/td>\n<td style=\"text-align: right; width: 17.8132%;\">50,00 Euro<\/td>\n<\/tr>\n<tr style=\"height: 26px;\">\n<td style=\"height: 26px; width: 14.0755%;\">17.12.2020<\/td>\n<td style=\"height: 26px; width: 67.7137%;\">Wasserwacht Plattling &#8211; Jugendabteilung<\/td>\n<td style=\"text-align: right; width: 17.8132%;\">300,00 Euro<\/td>\n<\/tr>\n<tr style=\"height: 26px;\">\n<td style=\"height: 26px; width: 14.0755%;\">02.01.2020<\/td>\n<td style=\"height: 26px; width: 67.7137%;\">BRK-Bereitschaft Plattling<\/td>\n<td style=\"text-align: right; width: 17.8132%;\">50,00 Euro<\/td>\n<\/tr>\n<tr style=\"height: 26px;\">\n<td style=\"height: 26px; width: 14.0755%;\">14.12.2019<\/td>\n<td style=\"height: 26px; width: 67.7137%;\">Jugendfeuerwehr Plattling<\/td>\n<td style=\"text-align: right; width: 17.8132%;\">300,00 Euro<\/td>\n<\/tr>\n<tr style=\"height: 26px;\">\n<td style=\"height: 26px; width: 14.0755%;\">28.11.2019<\/td>\n<td style=\"height: 26px; width: 67.7137%;\">Jugendf\u00f6rderverein SV Pankofen<\/td>\n<td style=\"text-align: right; width: 17.8132%;\">50,00 Euro<\/td>\n<\/tr>\n<tr style=\"height: 26px;\">\n<td style=\"height: 26px; width: 14.0755%;\">26.11.2019<\/td>\n<td style=\"height: 26px; width: 67.7137%;\">SpVgg Plattling<\/td>\n<td style=\"text-align: right; width: 17.8132%;\">50,00 Euro<\/td>\n<\/tr>\n<tr style=\"height: 26px;\">\n<td style=\"height: 26px; width: 14.0755%;\">03.12.2018<\/td>\n<td style=\"height: 26px; width: 67.7137%;\">Jugendf\u00f6rderverein SV Pankofen<\/td>\n<td style=\"text-align: right; width: 17.8132%;\">50,00 Euro<\/td>\n<\/tr>\n<tr style=\"height: 26px;\">\n<td style=\"height: 26px; width: 14.0755%;\">09.11.2018<\/td>\n<td style=\"height: 26px; width: 67.7137%;\">Jugendfeuerwehr Pielweichs<\/td>\n<td style=\"width: 17.8132%; height: 26px; text-align: right;\">300,00 Euro<\/td>\n<\/tr>\n<tr style=\"height: 26px;\">\n<td style=\"height: 26px; width: 14.0755%;\" width=\"128\">20.12.2017<\/td>\n<td style=\"height: 26px; width: 67.7137%;\" width=\"301\">Jugendfeuerwehr\u00a0 Pankofen<\/td>\n<td style=\"text-align: right; width: 17.8132%;\" width=\"83\">300,00 Euro<\/td>\n<\/tr>\n<tr style=\"height: 26px;\">\n<td style=\"height: 26px; width: 14.0755%;\" width=\"128\">05.01.2017<\/td>\n<td style=\"height: 26px; width: 67.7137%;\" width=\"301\">BRK-Soziallebensmittelladen Plattling<\/td>\n<td style=\"text-align: right; width: 17.8132%;\" width=\"83\">300,00 Euro<\/td>\n<\/tr>\n<tr style=\"height: 26px;\">\n<td style=\"height: 26px; width: 14.0755%;\" width=\"128\">17.12.2015<\/td>\n<td style=\"height: 26px; width: 67.7137%;\" width=\"301\">F\u00f6rderverein &#8222;Sportler helfen Sportlern&#8220; Plattling (aus Fanclubbesuch Philipp Lahm)<\/td>\n<td style=\"text-align: right; width: 17.8132%;\" width=\"83\">100,00 Euro<\/td>\n<\/tr>\n<tr style=\"height: 26px;\">\n<td style=\"height: 26px; width: 14.0755%;\" width=\"128\">17.12.2015<\/td>\n<td style=\"height: 26px; width: 67.7137%;\" width=\"301\">F\u00f6rderverein &#8222;Sportler helfen Sportlern&#8220;, Plattling<\/td>\n<td style=\"text-align: right; width: 17.8132%;\" width=\"83\">300,00 Euro<\/td>\n<\/tr>\n<tr style=\"height: 26px;\">\n<td style=\"height: 26px; width: 14.0755%;\" width=\"128\">13.12.2014<\/td>\n<td style=\"height: 26px; width: 67.7137%;\" width=\"301\">Wohnheim der Lebenshilfe in Plattling<\/td>\n<td style=\"text-align: right; width: 17.8132%;\" width=\"83\">300,00 Euro<\/td>\n<\/tr>\n<tr style=\"height: 26px;\">\n<td style=\"height: 26px; width: 14.0755%;\" width=\"128\">06.12.2013<\/td>\n<td style=\"height: 26px; width: 67.7137%;\" width=\"301\">BRK-Kinderkrippe Plattling<\/td>\n<td style=\"text-align: right; width: 17.8132%;\" width=\"83\">300,00 Euro<\/td>\n<\/tr>\n<tr style=\"height: 26px;\">\n<td style=\"height: 26px; width: 14.0755%;\" width=\"128\">13.12.2012<\/td>\n<td style=\"height: 26px; width: 67.7137%;\" width=\"301\">Fr\u00fchst\u00fccksclub der Mittelschule Plattling<\/td>\n<td style=\"text-align: right; width: 17.8132%;\" width=\"83\">300,00 Euro<\/td>\n<\/tr>\n<tr style=\"height: 26px;\">\n<td style=\"height: 26px; width: 14.0755%;\" width=\"128\">22.11.2011<\/td>\n<td style=\"height: 26px; width: 67.7137%;\" width=\"301\">KRAKI F\u00f6rdervein Klinikum Deggendorf<\/td>\n<td style=\"text-align: right; width: 17.8132%;\" width=\"83\">300,00 Euro<\/td>\n<\/tr>\n<tr style=\"height: 26px;\">\n<td style=\"height: 26px; width: 14.0755%;\" width=\"128\">29.12.2010<\/td>\n<td style=\"height: 26px; width: 67.7137%;\" width=\"301\">Elternbeirat der Papst Benedikt Schule, Straubing<\/td>\n<td style=\"text-align: right; width: 17.8132%;\" width=\"83\">300,00 Euro<\/td>\n<\/tr>\n<tr style=\"height: 26px;\">\n<td style=\"height: 26px; width: 14.0755%;\" width=\"128\">22.12.2009<\/td>\n<td style=\"height: 26px; width: 67.7137%;\" width=\"301\">Kindergarten Pankofen<\/td>\n<td style=\"text-align: right; width: 17.8132%;\" width=\"83\">300,00 Euro<\/td>\n<\/tr>\n<\/tbody>\n<\/table>\n<\/div>\n<p>Auch die Plattlinger Spieletage unterst\u00fctzen wir:<\/p>\n<table style=\"width: 100%; height: 288px;\" width=\"100%\">\n<tbody>\n<tr style=\"height: 24px;\">\n<td style=\"width: 81.9085%; height: 24px;\">2025<\/td>\n<td style=\"width: 17.8131%; text-align: right; height: 24px;\">50,00 Euro<\/td>\n<\/tr>\n<tr style=\"height: 24px;\">\n<td style=\"width: 81.9085%; height: 24px;\">2023<\/td>\n<td style=\"width: 17.8131%; text-align: right; height: 24px;\">100,00 Euro<\/td>\n<\/tr>\n<tr style=\"height: 26px;\">\n<td style=\"width: 81.9085%; height: 24px;\">2019<\/td>\n<td style=\"width: 17.8131%; text-align: right; height: 24px;\">100,00 Euro<\/td>\n<\/tr>\n<tr style=\"height: 26px;\">\n<td style=\"width: 81.9085%; height: 24px;\">2018<\/td>\n<td style=\"width: 17.8131%; text-align: right; height: 24px;\">100,00 Euro<\/td>\n<\/tr>\n<tr style=\"height: 26px;\">\n<td style=\"width: 81.9085%; height: 24px;\" width=\"83\">2017<\/td>\n<td style=\"width: 17.8131%; text-align: right; height: 24px;\" width=\"126\">100,00 Euro<\/td>\n<\/tr>\n<tr style=\"height: 26px;\">\n<td style=\"width: 81.9085%; height: 24px;\" width=\"83\">2016<\/td>\n<td style=\"width: 17.8131%; text-align: right; height: 24px;\" width=\"126\">100,00 Euro<\/td>\n<\/tr>\n<tr style=\"height: 26px;\">\n<td style=\"width: 81.9085%; height: 24px;\" width=\"83\">2015<\/td>\n<td style=\"width: 17.8131%; text-align: right; height: 24px;\" width=\"126\">100,00 Euro<\/td>\n<\/tr>\n<tr style=\"height: 26px;\">\n<td style=\"width: 81.9085%; height: 24px;\" width=\"83\">2014<\/td>\n<td style=\"width: 17.8131%; text-align: right; height: 24px;\" width=\"126\">100,00 Euro<\/td>\n<\/tr>\n<tr style=\"height: 26px;\">\n<td style=\"width: 81.9085%; height: 24px;\" width=\"83\">2013<\/td>\n<td style=\"width: 17.8131%; text-align: right; height: 24px;\" width=\"126\">100,00 Euro<\/td>\n<\/tr>\n<tr style=\"height: 26px;\">\n<td style=\"width: 81.9085%; height: 24px;\" width=\"83\">2012<\/td>\n<td style=\"width: 17.8131%; text-align: right; height: 24px;\" width=\"126\">100,00 Euro<\/td>\n<\/tr>\n<tr style=\"height: 26px;\">\n<td style=\"width: 81.9085%; height: 24px;\" width=\"83\">2011<\/td>\n<td style=\"width: 17.8131%; text-align: right; height: 24px;\" width=\"126\">100,00 Euro<\/td>\n<\/tr>\n<tr style=\"height: 26px;\">\n<td style=\"width: 81.9085%; height: 24px;\" width=\"83\">2010<\/td>\n<td style=\"width: 17.8131%; text-align: right; height: 24px;\" width=\"126\">100,00 Euro<\/td>\n<\/tr>\n<\/tbody>\n<\/table>\n<p>Ebenfalls den 1. Rollstuhlfanclub des FCB &#8222;Rollwagerl e.V.&#8220;:<\/p>\n<table style=\"width: 100%;\" width=\"100%\">\n<tbody>\n<tr style=\"height: 24px;\">\n<td style=\"height: 24px; width: 81.829%;\">2025<\/td>\n<td style=\"text-align: right; width: 17.8529%;\">50,00 Euro<\/td>\n<\/tr>\n<tr style=\"height: 24px;\">\n<td style=\"height: 24px; width: 81.829%;\">2024<\/td>\n<td style=\"text-align: right; width: 17.8529%;\">100,00 Euro<\/td>\n<\/tr>\n<tr style=\"height: 24px;\">\n<td style=\"height: 24px; width: 81.829%;\">2023<\/td>\n<td style=\"text-align: right; width: 17.8529%;\">50,00 Euro<\/td>\n<\/tr>\n<tr style=\"height: 24px;\">\n<td style=\"width: 81.829%;\">2022<\/td>\n<td style=\"text-align: right; width: 17.8529%;\">50,00 Euro<\/td>\n<\/tr>\n<tr style=\"height: 30px;\">\n<td style=\"width: 81.829%;\">2019<\/td>\n<td style=\"text-align: right; width: 17.8529%;\">100,00 Euro<\/td>\n<\/tr>\n<tr style=\"height: 26px;\">\n<td style=\"width: 81.829%;\">2018<\/td>\n<td style=\"text-align: right; width: 17.8529%;\">100,00 Euro<\/td>\n<\/tr>\n<tr style=\"height: 26px;\">\n<td style=\"width: 81.829%;\">2017<\/td>\n<td style=\"text-align: right; width: 17.8529%;\">50,00 Euro<\/td>\n<\/tr>\n<tr style=\"height: 26px;\">\n<td style=\"width: 81.829%;\">2016<\/td>\n<td style=\"text-align: right; width: 17.8529%;\">50,00 Euro<\/td>\n<\/tr>\n<tr style=\"height: 26px;\">\n<td style=\"width: 81.829%;\">2015<\/td>\n<td style=\"text-align: right; width: 17.8529%;\">50,00 Euro<\/td>\n<\/tr>\n<tr style=\"height: 26px;\">\n<td style=\"width: 81.829%;\">2014<\/td>\n<td style=\"text-align: right; width: 17.8529%;\">50,00 Euro<\/td>\n<\/tr>\n<tr style=\"height: 26px;\">\n<td style=\"width: 81.829%;\">2013<\/td>\n<td style=\"text-align: right; width: 17.8529%;\">50,00 Euro<\/td>\n<\/tr>\n<tr style=\"height: 33px;\">\n<td style=\"width: 81.829%;\">2012<\/td>\n<td style=\"text-align: right; width: 17.8529%;\">50,00 Euro<\/td>\n<\/tr>\n<\/tbody>\n<\/table>\n<p>Folgende Schirmherrschaften bei Fu\u00dfball-Turnieren haben wir ebenfalls gerne \u00fcbernommen:<\/p>\n<div style=\"overflow-x: auto; width: 100%;\">\n<table style=\"width: 100%; height: 207px;\" width=\"100%\">\n<tbody>\n<tr style=\"height: 24px;\">\n<td style=\"height: 24px; width: 17.1769%;\">04.01.2020<\/td>\n<td style=\"height: 24px; width: 64.6521%;\">Jugendturnier SpVgg Plattling<\/td>\n<td style=\"height: 24px; width: 17.7734%; text-align: right;\">50,00 Euro<\/td>\n<\/tr>\n<tr style=\"height: 24px;\">\n<td style=\"height: 24px; width: 17.1769%;\">02.01.2019<\/td>\n<td style=\"height: 24px; width: 64.6521%;\">C1-Jugendturnier SpVgg Plattling<\/td>\n<td style=\"height: 24px; width: 17.7734%; text-align: right;\">50,00 Euro<\/td>\n<\/tr>\n<tr style=\"height: 48px;\">\n<td style=\"height: 24px; width: 81px;\" width=\"81\">02.01.2018<\/td>\n<td style=\"height: 34px;\" width=\"313\">B-Jugend Damenmannschaft SpVgg Plattling<\/td>\n<td style=\"height: 24px; width: 89px; text-align: right;\" width=\"89\">100,00 Euro<\/td>\n<\/tr>\n<tr style=\"height: 48px;\">\n<td style=\"height: 24px; width: 81px;\" width=\"81\">07.01.2017<\/td>\n<td style=\"height: 29px;\" width=\"313\">B-Jugend Damenmannschaft SpVgg Plattling<\/td>\n<td style=\"height: 24px; width: 89px; text-align: right;\" width=\"89\">100,00 Euro<\/td>\n<\/tr>\n<tr style=\"height: 24px;\">\n<td style=\"height: 24px; width: 17.1769%;\" width=\"81\">02.01.2016<\/td>\n<td style=\"height: 24px; width: 64.6521%;\" width=\"313\">D-Jugendtrnier SpVgg Plattling<\/td>\n<td style=\"height: 24px; width: 17.7734%; text-align: right;\" width=\"89\">100,00 Euro<\/td>\n<\/tr>\n<tr style=\"height: 24px;\">\n<td style=\"height: 24px; width: 17.1769%;\" width=\"81\">03.01.2014<\/td>\n<td style=\"height: 24px; width: 64.6521%;\" width=\"313\">D-Jugendtrnier SpVgg Plattling<\/td>\n<td style=\"height: 24px; width: 17.7734%; text-align: right;\" width=\"89\">100,00 Euro<\/td>\n<\/tr>\n<tr style=\"height: 24px;\">\n<td style=\"height: 24px; width: 17.1769%;\" width=\"81\">04.01.2012<\/td>\n<td style=\"height: 24px; width: 64.6521%;\" width=\"313\">G-Jugendtrnier SpVgg Plattling<\/td>\n<td style=\"height: 24px; width: 17.7734%; text-align: right;\" width=\"89\">100,00 Euro<\/td>\n<\/tr>\n<tr style=\"height: 24px;\">\n<td style=\"height: 24px; width: 17.1769%;\" width=\"81\">02.07.2010<\/td>\n<td style=\"height: 24px; width: 64.6521%;\" width=\"313\">D-Jugendturnier SV Pankofen<\/td>\n<td style=\"width: 17.7734%; text-align: right; height: 24px;\" width=\"89\">95,20 Euro<\/td>\n<\/tr>\n<\/tbody>\n<\/table>\n<\/div>\n<p>Bei folgenden F\u00f6rdervereinen sind wir Mitglied und unterst\u00fctzen mit einen j\u00e4hrlichen Beitrag:<br \/>\nF\u00f6rderverein &#8222;Sportler helfen Sportlern&#8220;<br \/>\nSch\u00fctzen-HIlfe e.V.<br \/>\nJungendf\u00f6rderverein SpVgg Platting<br \/>\nJungendf\u00f6rderverein SV Pankofen<\/p>\n<p>&nbsp;<\/p>\n","protected":false},"excerpt":{"rendered":"<p>&nbsp; Da uns neben dem sportliches auch der soziale Aspekt sehr am Herzen liegt, versuchen wir auch immer wieder verschiedene Institutionen finanziell zu unterst\u00fctzen: So konnten wir bis heute folgende Spenden \u00fcberbringen: 05.01.2026 Serge Gnabry Stiftung 1.000,00 Euro 05.01.2026 FC Bayern M\u00fcnchen Hilfe e.V. 1.000,00 Euro 21.07.2021 Hochwasserkatastrophe 2021 &#8211; Aktion Deutschland Hilft 300,00 Euro [&hellip;]<\/p>\n","protected":false},"author":5,"featured_media":0,"parent":0,"menu_order":0,"comment_status":"closed","ping_status":"closed","template":"","meta":{"footnotes":""},"class_list":["post-39","page","type-page","status-publish","hentry"],"blocksy_meta":[],"_links":{"self":[{"href":"https:\/\/insiderfcb.de\/fcb\/wp-json\/wp\/v2\/pages\/39","targetHints":{"allow":["GET"]}}],"collection":[{"href":"https:\/\/insiderfcb.de\/fcb\/wp-json\/wp\/v2\/pages"}],"about":[{"href":"https:\/\/insiderfcb.de\/fcb\/wp-json\/wp\/v2\/types\/page"}],"author":[{"embeddable":true,"href":"https:\/\/insiderfcb.de\/fcb\/wp-json\/wp\/v2\/users\/5"}],"replies":[{"embeddable":true,"href":"https:\/\/insiderfcb.de\/fcb\/wp-json\/wp\/v2\/comments?post=39"}],"version-history":[{"count":81,"href":"https:\/\/insiderfcb.de\/fcb\/wp-json\/wp\/v2\/pages\/39\/revisions"}],"predecessor-version":[{"id":1371,"href":"https:\/\/insiderfcb.de\/fcb\/wp-json\/wp\/v2\/pages\/39\/revisions\/1371"}],"wp:attachment":[{"href":"https:\/\/insiderfcb.de\/fcb\/wp-json\/wp\/v2\/media?parent=39"}],"curies":[{"name":"wp","href":"https:\/\/api.w.org\/{rel}","templated":true}]}}