{"id":243,"date":"2026-03-18T14:15:26","date_gmt":"2026-03-18T13:15:26","guid":{"rendered":"https:\/\/insiderfcb.de\/fcb\/?page_id=243"},"modified":"2026-03-18T14:19:04","modified_gmt":"2026-03-18T13:19:04","slug":"vereinslokal","status":"publish","type":"page","link":"https:\/\/insiderfcb.de\/fcb\/vereinslokal\/","title":{"rendered":"Vereinslokal"},"content":{"rendered":"<p>Ein Vereinslokal haben wir nicht, ist auch verdammt schwer, was geeignetes zu finden.<\/p>\n<p>Mit Simon Schweiger haben wir einen perfekten Partner gefunden, bei dem wir unsere Versammlungen, Weihnachtsfeiern usw. abhalten k\u00f6nnen (entweder im Maximiliansst\u00fcberl oder im Saal (klein oder gro\u00dfer).<\/p>\n<p>Hier der Link: <a href=\"https:\/\/www.hotel-zur-isar.de\" target=\"_blank\" rel=\"noopener\">Haus zur Isar<\/a><\/p>\n<p>Gemeinsames Fu\u00dfball schauen findet beim Musti im Saray-Grill statt .<\/p>\n<p>&nbsp;<\/p>\n","protected":false},"excerpt":{"rendered":"<p>Ein Vereinslokal haben wir nicht, ist auch verdammt schwer, was geeignetes zu finden. Mit Simon Schweiger haben wir einen perfekten Partner gefunden, bei dem wir unsere Versammlungen, Weihnachtsfeiern usw. abhalten k\u00f6nnen (entweder im Maximiliansst\u00fcberl oder im Saal (klein oder gro\u00dfer). Hier der Link: Haus zur Isar Gemeinsames Fu\u00dfball schauen findet beim Musti im Saray-Grill statt [&hellip;]<\/p>\n","protected":false},"author":5,"featured_media":0,"parent":0,"menu_order":0,"comment_status":"closed","ping_status":"closed","template":"","meta":{"footnotes":""},"class_list":["post-243","page","type-page","status-publish","hentry"],"blocksy_meta":[],"_links":{"self":[{"href":"https:\/\/insiderfcb.de\/fcb\/wp-json\/wp\/v2\/pages\/243","targetHints":{"allow":["GET"]}}],"collection":[{"href":"https:\/\/insiderfcb.de\/fcb\/wp-json\/wp\/v2\/pages"}],"about":[{"href":"https:\/\/insiderfcb.de\/fcb\/wp-json\/wp\/v2\/types\/page"}],"author":[{"embeddable":true,"href":"https:\/\/insiderfcb.de\/fcb\/wp-json\/wp\/v2\/users\/5"}],"replies":[{"embeddable":true,"href":"https:\/\/insiderfcb.de\/fcb\/wp-json\/wp\/v2\/comments?post=243"}],"version-history":[{"count":6,"href":"https:\/\/insiderfcb.de\/fcb\/wp-json\/wp\/v2\/pages\/243\/revisions"}],"predecessor-version":[{"id":1387,"href":"https:\/\/insiderfcb.de\/fcb\/wp-json\/wp\/v2\/pages\/243\/revisions\/1387"}],"wp:attachment":[{"href":"https:\/\/insiderfcb.de\/fcb\/wp-json\/wp\/v2\/media?parent=243"}],"curies":[{"name":"wp","href":"https:\/\/api.w.org\/{rel}","templated":true}]}}