{"id":1502,"date":"2026-04-06T13:58:24","date_gmt":"2026-04-06T11:58:24","guid":{"rendered":"https:\/\/insiderfcb.de\/fcb\/?page_id=1502"},"modified":"2026-04-06T13:59:09","modified_gmt":"2026-04-06T11:59:09","slug":"anmeldeformulare","status":"publish","type":"page","link":"https:\/\/insiderfcb.de\/fcb\/anmeldeformulare\/","title":{"rendered":"Anmeldeformulare"},"content":{"rendered":"<p>Hier findet Ihr die Anmeldeformulare zu folgenden Veranstaltungen:<\/p>\n<p><a href=\"https:\/\/forms.office.com\/pages\/responsepage.aspx?id=7QeGUpk0ik2h8GGoioOr5iFxpCEWt5xIu7wmDAKoqPVUN1FKVFRJVkg2OFkxMkVBRzlYMkZERjBXRC4u&amp;route=shorturl\" target=\"_blank\" rel=\"noopener\">Mitgliederversammlung (MV)<\/a><\/p>\n<p><a href=\"https:\/\/forms.office.com\/pages\/responsepage.aspx?id=7QeGUpk0ik2h8GGoioOr5iFxpCEWt5xIu7wmDAKoqPVUOUVIQUZYWVRNTEdDUUI0WFFENTRXOVU2Ry4u&amp;origin=lprLink&amp;route=shorturl\" target=\"_blank\" rel=\"noopener\">Volksfestauszug<\/a><\/p>\n<p><a href=\"https:\/\/forms.office.com\/pages\/responsepage.aspx?id=7QeGUpk0ik2h8GGoioOr5iFxpCEWt5xIu7wmDAKoqPVUQUhFUE8xTUI0MDhJTFdKUkU3WEJWR0FUSi4u&amp;origin=lprLink&amp;route=shorturl\" target=\"_blank\" rel=\"noopener\">Jahreshauptversammlung (JHV)<\/a><\/p>\n<p><a href=\"https:\/\/forms.office.com\/pages\/responsepage.aspx?id=7QeGUpk0ik2h8GGoioOr5iFxpCEWt5xIu7wmDAKoqPVUNlZCTzUyRTFaMVpPSjQyVVlMWUs5VTRTNy4u&amp;origin=lprLink&amp;route=shorturl\" target=\"_blank\" rel=\"noopener\">Weihnachtsfeier<\/a><\/p>\n<p><a href=\"https:\/\/forms.office.com\/pages\/responsepage.aspx?id=7QeGUpk0ik2h8GGoioOr5iFxpCEWt5xIu7wmDAKoqPVUMEJKR0hMSE9OSUlSVkNVWElMUlRZWkZMNS4u&amp;origin=lprLink&amp;route=shorturl\" target=\"_blank\" rel=\"noopener\">Vereinsausflug<\/a><\/p>\n<p>Formular zur Kartenbestellung f\u00fcr die Fanfahrten im Rahmen des Fanclub-Programms:<\/p>\n<p><a href=\"https:\/\/forms.office.com\/pages\/responsepage.aspx?id=7QeGUpk0ik2h8GGoioOr5iFxpCEWt5xIu7wmDAKoqPVUMzFISkIwRUs0NElXSFJMS0JHUVpVTzA2Ri4u&amp;origin=lprLink&amp;route=shorturl\" target=\"_blank\" rel=\"noopener\">Fanfahrten BL<\/a><\/p>\n<p>Formular zur Kartenbestellung f\u00fcr Menschen mit Behinderung (direkt \u00fcber die FCB Seite):<\/p>\n<p><a href=\"https:\/\/fcbayern.com\/binaries\/content\/assets\/downloads\/homepage\/ticketing\/bestellformular_rf_sb_kb.pdf?v=1630323393393\" target=\"_blank\" rel=\"noopener\">Anmeldung<\/a><\/p>\n","protected":false},"excerpt":{"rendered":"<p>Hier findet Ihr die Anmeldeformulare zu folgenden Veranstaltungen: Mitgliederversammlung (MV) Volksfestauszug Jahreshauptversammlung (JHV) Weihnachtsfeier Vereinsausflug Formular zur Kartenbestellung f\u00fcr die Fanfahrten im Rahmen des Fanclub-Programms: Fanfahrten BL Formular zur Kartenbestellung f\u00fcr Menschen mit Behinderung (direkt \u00fcber die FCB Seite): Anmeldung<\/p>\n","protected":false},"author":4,"featured_media":0,"parent":0,"menu_order":0,"comment_status":"closed","ping_status":"closed","template":"","meta":{"footnotes":""},"class_list":["post-1502","page","type-page","status-publish","hentry"],"blocksy_meta":[],"_links":{"self":[{"href":"https:\/\/insiderfcb.de\/fcb\/wp-json\/wp\/v2\/pages\/1502","targetHints":{"allow":["GET"]}}],"collection":[{"href":"https:\/\/insiderfcb.de\/fcb\/wp-json\/wp\/v2\/pages"}],"about":[{"href":"https:\/\/insiderfcb.de\/fcb\/wp-json\/wp\/v2\/types\/page"}],"author":[{"embeddable":true,"href":"https:\/\/insiderfcb.de\/fcb\/wp-json\/wp\/v2\/users\/4"}],"replies":[{"embeddable":true,"href":"https:\/\/insiderfcb.de\/fcb\/wp-json\/wp\/v2\/comments?post=1502"}],"version-history":[{"count":2,"href":"https:\/\/insiderfcb.de\/fcb\/wp-json\/wp\/v2\/pages\/1502\/revisions"}],"predecessor-version":[{"id":1504,"href":"https:\/\/insiderfcb.de\/fcb\/wp-json\/wp\/v2\/pages\/1502\/revisions\/1504"}],"wp:attachment":[{"href":"https:\/\/insiderfcb.de\/fcb\/wp-json\/wp\/v2\/media?parent=1502"}],"curies":[{"name":"wp","href":"https:\/\/api.w.org\/{rel}","templated":true}]}}